{"id":401,"date":"2021-11-01T11:30:50","date_gmt":"2021-11-01T11:30:50","guid":{"rendered":"https:\/\/demo.athemes.com\/sydney-main\/?page_id=401"},"modified":"2025-06-24T12:53:13","modified_gmt":"2025-06-24T12:53:13","slug":"sobre","status":"publish","type":"page","link":"https:\/\/gallottits.com.br\/index.php\/sobre\/","title":{"rendered":"Sobre n\u00f3s"},"content":{"rendered":"\t\t<div data-elementor-type=\"wp-page\" data-elementor-id=\"401\" class=\"elementor elementor-401\">\n\t\t\t\t\t\t<section class=\"elementor-section elementor-top-section elementor-element elementor-element-eedafb9 elementor-section-content-middle elementor-section-boxed elementor-section-height-default elementor-section-height-default syd-sticky-section-no\" data-id=\"eedafb9\" data-element_type=\"section\">\n\t\t\t\t\t\t<div class=\"elementor-container elementor-column-gap-default\">\n\t\t\t\t\t<div class=\"elementor-column elementor-col-50 elementor-top-column elementor-element elementor-element-571508b syd-sticky-section-no\" data-id=\"571508b\" data-element_type=\"column\">\n\t\t\t<div class=\"elementor-widget-wrap elementor-element-populated\">\n\t\t\t\t\t\t<div class=\"elementor-element elementor-element-fb80230 syd-sticky-section-no elementor-widget elementor-widget-heading\" data-id=\"fb80230\" data-element_type=\"widget\" data-widget_type=\"heading.default\">\n\t\t\t\t<div class=\"elementor-widget-container\">\n\t\t\t<style>\/*! elementor - v3.19.0 - 28-02-2024 *\/\n.elementor-heading-title{padding:0;margin:0;line-height:1}.elementor-widget-heading .elementor-heading-title[class*=elementor-size-]>a{color:inherit;font-size:inherit;line-height:inherit}.elementor-widget-heading .elementor-heading-title.elementor-size-small{font-size:15px}.elementor-widget-heading .elementor-heading-title.elementor-size-medium{font-size:19px}.elementor-widget-heading .elementor-heading-title.elementor-size-large{font-size:29px}.elementor-widget-heading .elementor-heading-title.elementor-size-xl{font-size:39px}.elementor-widget-heading .elementor-heading-title.elementor-size-xxl{font-size:59px}<\/style><h6 class=\"elementor-heading-title elementor-size-default\">SObre n\u00f3s<\/h6>\t\t<\/div>\n\t\t\t\t<\/div>\n\t\t\t\t<div class=\"elementor-element elementor-element-2fc2cb6 syd-sticky-section-no elementor-widget elementor-widget-heading\" data-id=\"2fc2cb6\" data-element_type=\"widget\" data-widget_type=\"heading.default\">\n\t\t\t\t<div class=\"elementor-widget-container\">\n\t\t\t<h2 class=\"elementor-heading-title elementor-size-default\">Quem somos<\/h2>\t\t<\/div>\n\t\t\t\t<\/div>\n\t\t\t\t<div class=\"elementor-element elementor-element-1cf0f1c syd-sticky-section-no elementor-widget elementor-widget-text-editor\" data-id=\"1cf0f1c\" data-element_type=\"widget\" data-widget_type=\"text-editor.default\">\n\t\t\t\t<div class=\"elementor-widget-container\">\n\t\t\t<style>\/*! elementor - v3.19.0 - 28-02-2024 *\/\n.elementor-widget-text-editor.elementor-drop-cap-view-stacked .elementor-drop-cap{background-color:#69727d;color:#fff}.elementor-widget-text-editor.elementor-drop-cap-view-framed .elementor-drop-cap{color:#69727d;border:3px solid;background-color:transparent}.elementor-widget-text-editor:not(.elementor-drop-cap-view-default) .elementor-drop-cap{margin-top:8px}.elementor-widget-text-editor:not(.elementor-drop-cap-view-default) .elementor-drop-cap-letter{width:1em;height:1em}.elementor-widget-text-editor .elementor-drop-cap{float:left;text-align:center;line-height:1;font-size:50px}.elementor-widget-text-editor .elementor-drop-cap-letter{display:inline-block}<\/style>\t\t\t\t<p><span style=\"font-weight: 400; color: #ffffff;\">Somos especialistas em transporte rodovi\u00e1rio nacional. Com sede na cidade de Canoinhas, Santa Catarina, atendemos quase todo o Brasil.<\/span><\/p><p><span style=\"font-weight: 400; color: #ffffff;\">Somos refer\u00eancia em entregas com excel\u00eancia, compromisso e pontualidade. Temos expertise em carga lota\u00e7\u00e3o, cargas p\u00fablicas e privadas.<\/span><\/p><p><span style=\"font-weight: 400; color: #ffffff;\">Nosso time \u00e9 treinado para entender as necessidades de cada cliente e, assim, atender de maneira personalizada, entregando a melhor opera\u00e7\u00e3o, com efici\u00eancia e tranquilidade.<\/span><\/p>\t\t\t\t\t\t<\/div>\n\t\t\t\t<\/div>\n\t\t\t\t\t<\/div>\n\t\t<\/div>\n\t\t\t\t<div class=\"elementor-column elementor-col-50 elementor-top-column elementor-element elementor-element-bc4d4c0 syd-sticky-section-no\" data-id=\"bc4d4c0\" data-element_type=\"column\">\n\t\t\t<div class=\"elementor-widget-wrap elementor-element-populated\">\n\t\t\t\t\t\t<div class=\"elementor-element elementor-element-48dd569 syd-sticky-section-no elementor-widget elementor-widget-image\" data-id=\"48dd569\" data-element_type=\"widget\" data-widget_type=\"image.default\">\n\t\t\t\t<div class=\"elementor-widget-container\">\n\t\t\t<style>\/*! elementor - v3.19.0 - 28-02-2024 *\/\n.elementor-widget-image{text-align:center}.elementor-widget-image a{display:inline-block}.elementor-widget-image a img[src$=\".svg\"]{width:48px}.elementor-widget-image img{vertical-align:middle;display:inline-block}<\/style>\t\t\t\t\t\t\t\t\t\t<img fetchpriority=\"high\" decoding=\"async\" width=\"984\" height=\"780\" src=\"https:\/\/gallottits.com.br\/wp-content\/uploads\/2024\/02\/11-1.png\" class=\"attachment-large size-large wp-image-113\" alt=\"\" srcset=\"https:\/\/gallottits.com.br\/wp-content\/uploads\/2024\/02\/11-1.png 984w, https:\/\/gallottits.com.br\/wp-content\/uploads\/2024\/02\/11-1-800x634.png 800w, https:\/\/gallottits.com.br\/wp-content\/uploads\/2024\/02\/11-1-300x238.png 300w, https:\/\/gallottits.com.br\/wp-content\/uploads\/2024\/02\/11-1-768x609.png 768w, https:\/\/gallottits.com.br\/wp-content\/uploads\/2024\/02\/11-1-230x182.png 230w, https:\/\/gallottits.com.br\/wp-content\/uploads\/2024\/02\/11-1-350x277.png 350w, https:\/\/gallottits.com.br\/wp-content\/uploads\/2024\/02\/11-1-480x380.png 480w\" sizes=\"(max-width: 984px) 100vw, 984px\" \/>\t\t\t\t\t\t\t\t\t\t\t\t\t<\/div>\n\t\t\t\t<\/div>\n\t\t\t\t\t<\/div>\n\t\t<\/div>\n\t\t\t\t\t<\/div>\n\t\t<\/section>\n\t\t<div class=\"elementor-element elementor-element-7ccc10f e-flex e-con-boxed syd-sticky-section-no e-con e-parent\" data-id=\"7ccc10f\" data-element_type=\"container\" data-settings=\"{&quot;background_background&quot;:&quot;classic&quot;,&quot;content_width&quot;:&quot;boxed&quot;}\" data-core-v316-plus=\"true\">\n\t\t\t\t\t<div class=\"e-con-inner\">\n\t\t\t\t<div class=\"elementor-element elementor-element-6ec05f6 elementor-button-info elementor-align-center syd-sticky-section-no elementor-widget elementor-widget-button\" data-id=\"6ec05f6\" data-element_type=\"widget\" data-widget_type=\"button.default\">\n\t\t\t\t<div class=\"elementor-widget-container\">\n\t\t\t\t\t<div class=\"elementor-button-wrapper\">\n\t\t\t<a class=\"elementor-button elementor-button-link elementor-size-md\" href=\"https:\/\/gallottits.com.br\/wp-content\/uploads\/2025\/06\/POLITICAS-E-CODIGO-DE-ETICA-E-CONDUTA-GALLOTTI1.pdf\" target=\"_blank\">\n\t\t\t\t\t\t<span class=\"elementor-button-content-wrapper\">\n\t\t\t\t\t\t<span class=\"elementor-button-text\">ACESSE A POL\u00cdTICA DA EMPRESA E NOSSO C\u00d3DIGO DE \u00c9TICA E CONDUTA<\/span>\n\t\t<\/span>\n\t\t\t\t\t<\/a>\n\t\t<\/div>\n\t\t\t\t<\/div>\n\t\t\t\t<\/div>\n\t\t\t\t\t<\/div>\n\t\t\t\t<\/div>\n\t\t\t\t<section class=\"elementor-section elementor-top-section elementor-element elementor-element-cf5ff21 elementor-section-content-middle elementor-section-boxed elementor-section-height-default elementor-section-height-default syd-sticky-section-no\" data-id=\"cf5ff21\" data-element_type=\"section\" data-settings=\"{&quot;background_background&quot;:&quot;classic&quot;}\">\n\t\t\t\t\t\t<div class=\"elementor-container elementor-column-gap-default\">\n\t\t\t\t\t<div class=\"elementor-column elementor-col-50 elementor-top-column elementor-element elementor-element-c35989b syd-sticky-section-no\" data-id=\"c35989b\" data-element_type=\"column\">\n\t\t\t<div class=\"elementor-widget-wrap elementor-element-populated\">\n\t\t\t\t\t\t<div class=\"elementor-element elementor-element-33e3b28 syd-sticky-section-no elementor-widget elementor-widget-image\" data-id=\"33e3b28\" data-element_type=\"widget\" data-widget_type=\"image.default\">\n\t\t\t\t<div class=\"elementor-widget-container\">\n\t\t\t\t\t\t\t\t\t\t\t\t\t<img decoding=\"async\" width=\"1024\" height=\"576\" src=\"https:\/\/gallottits.com.br\/wp-content\/uploads\/2024\/03\/WhatsApp-Image-2024-03-13-at-21.04.48-1024x576.jpeg\" class=\"attachment-large size-large wp-image-1360\" alt=\"\" srcset=\"https:\/\/gallottits.com.br\/wp-content\/uploads\/2024\/03\/WhatsApp-Image-2024-03-13-at-21.04.48-1024x576.jpeg 1024w, https:\/\/gallottits.com.br\/wp-content\/uploads\/2024\/03\/WhatsApp-Image-2024-03-13-at-21.04.48-300x169.jpeg 300w, https:\/\/gallottits.com.br\/wp-content\/uploads\/2024\/03\/WhatsApp-Image-2024-03-13-at-21.04.48-768x432.jpeg 768w, https:\/\/gallottits.com.br\/wp-content\/uploads\/2024\/03\/WhatsApp-Image-2024-03-13-at-21.04.48-1536x864.jpeg 1536w, https:\/\/gallottits.com.br\/wp-content\/uploads\/2024\/03\/WhatsApp-Image-2024-03-13-at-21.04.48-1000x562.jpeg 1000w, https:\/\/gallottits.com.br\/wp-content\/uploads\/2024\/03\/WhatsApp-Image-2024-03-13-at-21.04.48-230x129.jpeg 230w, https:\/\/gallottits.com.br\/wp-content\/uploads\/2024\/03\/WhatsApp-Image-2024-03-13-at-21.04.48-350x197.jpeg 350w, https:\/\/gallottits.com.br\/wp-content\/uploads\/2024\/03\/WhatsApp-Image-2024-03-13-at-21.04.48-480x270.jpeg 480w, https:\/\/gallottits.com.br\/wp-content\/uploads\/2024\/03\/WhatsApp-Image-2024-03-13-at-21.04.48-800x450.jpeg 800w, https:\/\/gallottits.com.br\/wp-content\/uploads\/2024\/03\/WhatsApp-Image-2024-03-13-at-21.04.48.jpeg 1599w\" sizes=\"(max-width: 1024px) 100vw, 1024px\" \/>\t\t\t\t\t\t\t\t\t\t\t\t\t<\/div>\n\t\t\t\t<\/div>\n\t\t\t\t\t<\/div>\n\t\t<\/div>\n\t\t\t\t<div class=\"elementor-column elementor-col-50 elementor-top-column elementor-element elementor-element-9d8f192 syd-sticky-section-no\" data-id=\"9d8f192\" data-element_type=\"column\">\n\t\t\t<div class=\"elementor-widget-wrap elementor-element-populated\">\n\t\t\t\t\t\t<div class=\"elementor-element elementor-element-a2ff96d syd-sticky-section-no elementor-widget elementor-widget-heading\" data-id=\"a2ff96d\" data-element_type=\"widget\" data-widget_type=\"heading.default\">\n\t\t\t\t<div class=\"elementor-widget-container\">\n\t\t\t<h2 class=\"elementor-heading-title elementor-size-default\">O que fazemos<\/h2>\t\t<\/div>\n\t\t\t\t<\/div>\n\t\t\t\t<div class=\"elementor-element elementor-element-6811c22 syd-sticky-section-no elementor-widget elementor-widget-text-editor\" data-id=\"6811c22\" data-element_type=\"widget\" data-widget_type=\"text-editor.default\">\n\t\t\t\t<div class=\"elementor-widget-container\">\n\t\t\t\t\t\t\t<p>Trabalhamos com o melhor da <strong>carga em lota\u00e7\u00e3o<\/strong>, entregando sempre com compromisso, qualidade e pontualidade.<\/p>\t\t\t\t\t\t<\/div>\n\t\t\t\t<\/div>\n\t\t\t\t<div class=\"elementor-element elementor-element-8c0b95d syd-sticky-section-no elementor-widget elementor-widget-text-editor\" data-id=\"8c0b95d\" data-element_type=\"widget\" data-widget_type=\"text-editor.default\">\n\t\t\t\t<div class=\"elementor-widget-container\">\n\t\t\t\t\t\t\t<p>Realizamos tamb\u00e9m o transporte terrestre de <strong>cargas p\u00fablicas<\/strong>, prezando sempre pela satisfa\u00e7\u00e3o do cliente.<\/p>\t\t\t\t\t\t<\/div>\n\t\t\t\t<\/div>\n\t\t\t\t<div class=\"elementor-element elementor-element-7aa6365 syd-sticky-section-no elementor-widget elementor-widget-text-editor\" data-id=\"7aa6365\" data-element_type=\"widget\" data-widget_type=\"text-editor.default\">\n\t\t\t\t<div class=\"elementor-widget-container\">\n\t\t\t\t\t\t\t<p>Tamb\u00e9m atendemos com excel\u00eancia quem deseja contratar o servi\u00e7o de transporte de <strong>cargas privadas<\/strong>.<\/p>\t\t\t\t\t\t<\/div>\n\t\t\t\t<\/div>\n\t\t\t\t\t<\/div>\n\t\t<\/div>\n\t\t\t\t\t<\/div>\n\t\t<\/section>\n\t\t\t\t<section class=\"elementor-section elementor-top-section elementor-element elementor-element-6a64059 elementor-section-content-middle elementor-section-boxed elementor-section-height-default elementor-section-height-default syd-sticky-section-no\" data-id=\"6a64059\" data-element_type=\"section\">\n\t\t\t\t\t\t<div class=\"elementor-container elementor-column-gap-default\">\n\t\t\t\t\t<div class=\"elementor-column elementor-col-50 elementor-top-column elementor-element elementor-element-6579712 syd-sticky-section-no\" data-id=\"6579712\" data-element_type=\"column\">\n\t\t\t<div class=\"elementor-widget-wrap elementor-element-populated\">\n\t\t\t\t\t\t<div class=\"elementor-element elementor-element-5d14ee0 syd-sticky-section-no elementor-widget elementor-widget-heading\" data-id=\"5d14ee0\" data-element_type=\"widget\" data-widget_type=\"heading.default\">\n\t\t\t\t<div class=\"elementor-widget-container\">\n\t\t\t<h2 class=\"elementor-heading-title elementor-size-default\">Estados que atendemos<\/h2>\t\t<\/div>\n\t\t\t\t<\/div>\n\t\t\t\t<div class=\"elementor-element elementor-element-2642ea8 syd-sticky-section-no elementor-widget elementor-widget-text-editor\" data-id=\"2642ea8\" data-element_type=\"widget\" data-widget_type=\"text-editor.default\">\n\t\t\t\t<div class=\"elementor-widget-container\">\n\t\t\t\t\t\t\t<p><span style=\"color: #ffffff;\">Transportamos cargas com excel\u00eancia, pontualidade e compromisso em quase todo o Brasil.<\/span><\/p><p><span style=\"color: #ffffff;\">Com motoristas atentos e experientes, atuamos no\u00a0mercado nacional nos segmentos de first mile, middle mile e line haul.<\/span><\/p>\t\t\t\t\t\t<\/div>\n\t\t\t\t<\/div>\n\t\t\t\t\t<\/div>\n\t\t<\/div>\n\t\t\t\t<div class=\"elementor-column elementor-col-50 elementor-top-column elementor-element elementor-element-19a02ac syd-sticky-section-no\" data-id=\"19a02ac\" data-element_type=\"column\">\n\t\t\t<div class=\"elementor-widget-wrap elementor-element-populated\">\n\t\t\t\t\t\t<div class=\"elementor-element elementor-element-0b547a6 syd-sticky-section-no elementor-widget elementor-widget-image\" data-id=\"0b547a6\" data-element_type=\"widget\" data-widget_type=\"image.default\">\n\t\t\t\t<div class=\"elementor-widget-container\">\n\t\t\t\t\t\t\t\t\t\t\t\t\t<img decoding=\"async\" width=\"1024\" height=\"1024\" src=\"https:\/\/gallottits.com.br\/wp-content\/uploads\/2024\/03\/Copia-de-Modelos-de-Post-Gallotti-1024x1024.png\" class=\"attachment-large size-large wp-image-767\" alt=\"\" srcset=\"https:\/\/gallottits.com.br\/wp-content\/uploads\/2024\/03\/Copia-de-Modelos-de-Post-Gallotti-1024x1024.png 1024w, https:\/\/gallottits.com.br\/wp-content\/uploads\/2024\/03\/Copia-de-Modelos-de-Post-Gallotti-420x420.png 420w, https:\/\/gallottits.com.br\/wp-content\/uploads\/2024\/03\/Copia-de-Modelos-de-Post-Gallotti-100x100.png 100w, https:\/\/gallottits.com.br\/wp-content\/uploads\/2024\/03\/Copia-de-Modelos-de-Post-Gallotti-800x800.png 800w, https:\/\/gallottits.com.br\/wp-content\/uploads\/2024\/03\/Copia-de-Modelos-de-Post-Gallotti-300x300.png 300w, https:\/\/gallottits.com.br\/wp-content\/uploads\/2024\/03\/Copia-de-Modelos-de-Post-Gallotti-150x150.png 150w, https:\/\/gallottits.com.br\/wp-content\/uploads\/2024\/03\/Copia-de-Modelos-de-Post-Gallotti-768x768.png 768w, https:\/\/gallottits.com.br\/wp-content\/uploads\/2024\/03\/Copia-de-Modelos-de-Post-Gallotti-1000x1000.png 1000w, https:\/\/gallottits.com.br\/wp-content\/uploads\/2024\/03\/Copia-de-Modelos-de-Post-Gallotti-230x230.png 230w, https:\/\/gallottits.com.br\/wp-content\/uploads\/2024\/03\/Copia-de-Modelos-de-Post-Gallotti-350x350.png 350w, https:\/\/gallottits.com.br\/wp-content\/uploads\/2024\/03\/Copia-de-Modelos-de-Post-Gallotti-480x480.png 480w, https:\/\/gallottits.com.br\/wp-content\/uploads\/2024\/03\/Copia-de-Modelos-de-Post-Gallotti.png 1080w\" sizes=\"(max-width: 1024px) 100vw, 1024px\" \/>\t\t\t\t\t\t\t\t\t\t\t\t\t<\/div>\n\t\t\t\t<\/div>\n\t\t\t\t\t<\/div>\n\t\t<\/div>\n\t\t\t\t\t<\/div>\n\t\t<\/section>\n\t\t\t\t<section class=\"elementor-section elementor-top-section elementor-element elementor-element-cfed380 elementor-section-content-middle elementor-section-boxed elementor-section-height-default elementor-section-height-default syd-sticky-section-no\" data-id=\"cfed380\" data-element_type=\"section\" data-settings=\"{&quot;background_background&quot;:&quot;classic&quot;}\">\n\t\t\t\t\t\t<div class=\"elementor-container elementor-column-gap-default\">\n\t\t\t\t\t<div class=\"elementor-column elementor-col-50 elementor-top-column elementor-element elementor-element-d8fac92 syd-sticky-section-no\" data-id=\"d8fac92\" data-element_type=\"column\">\n\t\t\t<div class=\"elementor-widget-wrap elementor-element-populated\">\n\t\t\t\t\t\t<div class=\"elementor-element elementor-element-ea4173f elementor-widget__width-initial syd-sticky-section-no elementor-widget elementor-widget-heading\" data-id=\"ea4173f\" data-element_type=\"widget\" data-widget_type=\"heading.default\">\n\t\t\t\t<div class=\"elementor-widget-container\">\n\t\t\t<h2 class=\"elementor-heading-title elementor-size-default\">Quer receber sua carga com qualidade e excel\u00eancia?<\/h2>\t\t<\/div>\n\t\t\t\t<\/div>\n\t\t\t\t\t<\/div>\n\t\t<\/div>\n\t\t\t\t<div class=\"elementor-column elementor-col-50 elementor-top-column elementor-element elementor-element-7aa5769 syd-sticky-section-no\" data-id=\"7aa5769\" data-element_type=\"column\">\n\t\t\t<div class=\"elementor-widget-wrap elementor-element-populated\">\n\t\t\t\t\t\t<div class=\"elementor-element elementor-element-9c6e3e1 elementor-align-right elementor-mobile-align-center syd-sticky-section-no elementor-widget elementor-widget-button\" data-id=\"9c6e3e1\" data-element_type=\"widget\" data-widget_type=\"button.default\">\n\t\t\t\t<div class=\"elementor-widget-container\">\n\t\t\t\t\t<div class=\"elementor-button-wrapper\">\n\t\t\t<a class=\"elementor-button elementor-button-link elementor-size-sm elementor-animation-shrink\" href=\"http:\/\/www.gallottits.com.br\/contato\">\n\t\t\t\t\t\t<span class=\"elementor-button-content-wrapper\">\n\t\t\t\t\t\t<span class=\"elementor-button-text\">Entre em contato conosco<\/span>\n\t\t<\/span>\n\t\t\t\t\t<\/a>\n\t\t<\/div>\n\t\t\t\t<\/div>\n\t\t\t\t<\/div>\n\t\t\t\t\t<\/div>\n\t\t<\/div>\n\t\t\t\t\t<\/div>\n\t\t<\/section>\n\t\t\t\t<\/div>\n\t\t","protected":false},"excerpt":{"rendered":"<p>SObre n\u00f3s Quem somos Somos especialistas em transporte rodovi\u00e1rio nacional. Com sede na cidade de Canoinhas, Santa Catarina, atendemos quase todo o [&hellip;]<\/p>\n","protected":false},"author":1,"featured_media":0,"parent":0,"menu_order":1,"comment_status":"closed","ping_status":"closed","template":"page-templates\/page_front-page.php","meta":{"footnotes":""},"class_list":["post-401","page","type-page","status-publish","hentry"],"_links":{"self":[{"href":"https:\/\/gallottits.com.br\/index.php\/wp-json\/wp\/v2\/pages\/401","targetHints":{"allow":["GET"]}}],"collection":[{"href":"https:\/\/gallottits.com.br\/index.php\/wp-json\/wp\/v2\/pages"}],"about":[{"href":"https:\/\/gallottits.com.br\/index.php\/wp-json\/wp\/v2\/types\/page"}],"author":[{"embeddable":true,"href":"https:\/\/gallottits.com.br\/index.php\/wp-json\/wp\/v2\/users\/1"}],"replies":[{"embeddable":true,"href":"https:\/\/gallottits.com.br\/index.php\/wp-json\/wp\/v2\/comments?post=401"}],"version-history":[{"count":53,"href":"https:\/\/gallottits.com.br\/index.php\/wp-json\/wp\/v2\/pages\/401\/revisions"}],"predecessor-version":[{"id":1509,"href":"https:\/\/gallottits.com.br\/index.php\/wp-json\/wp\/v2\/pages\/401\/revisions\/1509"}],"wp:attachment":[{"href":"https:\/\/gallottits.com.br\/index.php\/wp-json\/wp\/v2\/media?parent=401"}],"curies":[{"name":"wp","href":"https:\/\/api.w.org\/{rel}","templated":true}]}}